{"id":605,"date":"2018-10-10T10:19:17","date_gmt":"2018-10-10T08:19:17","guid":{"rendered":"https:\/\/angh.net\/abstracts\/?page_id=605"},"modified":"2024-03-20T15:21:00","modified_gmt":"2024-03-20T14:21:00","slug":"soumission-abstract-au-congres","status":"publish","type":"page","link":"https:\/\/angh.net\/abstracts\/soumission-abstract-au-congres\/","title":{"rendered":"Soumission Abstract au congr\u00e8s"},"content":{"rendered":"<HTML>\n<!--This file created 12:15  11\/05\/02 by Bruno Lesgourgues modifi\u00c8 23\/04\/2004 for ANGH-->\n<HEAD>\n<TITLE>Envoi abstract congr&egrave;s ANGH <\/TITLE>\n<\/HEAD>\n<!-- On charge la fonction au demarrage de la page -->\n<body OnLoad='placer_date();' BGCOLOR=\"#FFFFFF\" >\n<p><font size=\"+2\" color=\"#999999\">Soumission de communication <\/font><\/p>\n<P align=\"left\"><strong><font face=\"Verdana, Arial, Helvetica, sans-serif\" color=\"#FF0000\">Appel \n  pour la soumission des r&eacute;sum&eacute;s en vue des communications et les \n  projets de protocoles pour le congr&egrave;s Si vous avez des pi&egrave;ces \n  jointes ou des documents Word envoyez-les ci-dessous de ce formulaire .<\/font><\/strong> <strong><font color=\"#FF0000\" face=\"Verdana, Arial, Helvetica, sans-serif\">Les tableaux ne passent pas par cette voie. <\/font><\/strong><br>\n  <font size=\"2\" face=\"Verdana, Arial, Helvetica, sans-serif\">Vous \n  pouvez naviguer d'un champ &agrave; l'autre en utilisant la touche tabulation.Tous \n  les champs sont obligatoires.Merci.<\/font>\n<form enctype=\"multipart\/form-data\" name=\"FormNom\">\n<div align=\"center\">\n<BLOCKQUOTE>\n      <div align=\"left\"><font size=\"+2\" color=\"#999999\"><b><font color=\"#666666\" size=\"2\" face=\"Verdana, Arial, Helvetica, sans-serif\">Date\n(jj\/mm\/aaaa) :\n<\/font>    <input type=text name=Datej size=10>\n        <\/div>\n<\/BLOCKQUOTE>\n<\/div>\n  <BLOCKQUOTE>\n    <P><font size=\"2\" color=\"#666666\" face=\"Verdana, Arial, Helvetica, sans-serif\"><b>Auteurs\n:<br>\n      <\/b><\/font><font size=\"2\" color=\"#666666\" face=\"Verdana, Arial, Helvetica, sans-serif\"><b>\n      <textarea name=Auteurs rows=2 cols=100 wrap=virtual><\/textarea>\n      <\/b><\/font><\/P>\n    <P><font size=\"2\" color=\"#666666\" face=\"Verdana, Arial, Helvetica, sans-serif\"><b>Titre \n      :<br>\n      <\/b><\/font><font size=\"2\" color=\"#666666\" face=\"Verdana, Arial, Helvetica, sans-serif\"><b>\n      <textarea name=Titre rows=2 cols=100 wrap=virtual><\/textarea>\n      <\/b><\/font><\/P>\n    <P><font size=\"2\" color=\"#666666\" face=\"Verdana, Arial, Helvetica, sans-serif\"><b>R&eacute;sum&eacute;:<br>\n      <\/b><\/font><font size=\"2\" color=\"#666666\" face=\"Verdana, Arial, Helvetica, sans-serif\"><b>\n      <textarea name=Resume rows=30 cols=100 wrap=virtual><\/textarea>\n      <\/b><b><\/b><\/font><\/P>\n    <P><font size=\"+2\" color=\"#999999\"><b><font color=\"#666666\" face=\"Verdana, Arial, Helvetica, sans-serif\" size=\"2\">Discipline \n      : \n      <select name=\"Discipline\">\n        <option value=\"\"><font size=\"+2\" color=\"#999999\"><b><font face=\"Verdana, Arial, Helvetica, sans-serif\" >Choisissez une discipline<\/font><\/b><\/font><\/option>\n        <option value=\"Gastroent&eacute;rologie\"><font size=\"+2\" color=\"#999999\"><b><font face=\"Verdana, Arial, Helvetica, sans-serif\">Gastroent&eacute;rologie<\/font><\/b><\/font><\/option>\n        <option value=\"H&eacute;patologie\"><font size=\"+2\" color=\"#999999\"><b><font face=\"Verdana, Arial, Helvetica, sans-serif\">H&eacute;patologie<\/font><\/b><\/font><\/option>\n        <option value=\"Endoscopie\"><font size=\"+2\" color=\"#999999\"><b><font face=\"Verdana, Arial, Helvetica, sans-serif\">Endoscopie<\/font><\/b><\/font><\/option>\n        <option value=\"Oncologie digestive\"><font size=\"+2\" color=\"#999999\"><b><font face=\"Verdana, Arial, Helvetica, sans-serif\">Oncologie digestive<\/font><\/b><\/font><\/option>\n        <option value=\"Vie Professionnelle\"><font size=\"+2\" color=\"#999999\"><b><font face=\"Verdana, Arial, Helvetica, sans-serif\">Vie Professionnelle<\/font><\/b><\/font><\/option>\n      <\/select>\n      <\/font><\/b><\/font><br>\n     <P><font size=\"+2\" color=\"#999999\"><b><font color=\"#666666\" face=\"Verdana, Arial, Helvetica, sans-serif\" size=\"2\">Type de communication \n      :  \n      <select name=\"Type\" required>\n      <option value=\"\"> Type de communication<\/option>\n      <option value=\"Communication orale\">Communication orale<\/option>\n      <option value=\"Cas clinique\">Cas clinique<\/option><\/p>\n      <\/select>\n      <br>\n   <p> Si vous avez des tableaux joindre un fichier au format Word 97-2004 extension .doc .docx<\/P>\n   <p>Les images jpeg sont possibles pas les fichiers png<\/p>\n    <P>\n      <label for=\"file\">Fichier joint<\/label>\n      <input type=\"file\" name=\"file\" id=\"file\">\n    <\/P>\n<P><font size=\"2\" color=\"#666666\" face=\"Verdana, Arial, Helvetica, sans-serif\"><b>e\nmail :<\/b><\/font><font size=\"+2\" color=\"#999999\"><b>\n    <input type=text name=\"email\" value=\"\" size=50 maxlength=50>\n    <!--permet le fonctionnement du script d envoi dans la page li\u00c8e -->\n    <\/b><\/font>\n<font size=\"+2\" color=\"#999999\"><b>\n    <P> \n      <INPUT TYPE=hidden NAME=\"validation\" VALUE=\"1\">\n      <input name=\"folder\" type=\"hidden\" id=\"folder\" value=\".\/fwa\/upload\/\">\n    <\/P>\n    <p><div class=\"g-recaptcha\" data-sitekey=\"6LeBqUgUAAAAADtqJZbiuUwBHTXtTP-mG2FgsofH\"><\/div>&nbsp;<\/p>\n    <input type=\"button\" value=\"Envoyer\" onClick=\"Controle();\" name=\"button\">\n    <input type=\"reset\" name=\"Submit\" value=\"R&eacute;tablir\">\n    <\/b><\/font> <\/BLOCKQUOTE>\n<\/FORM>\n<p>\n\n\n<\/P>\n<\/BODY>\n<\/HTML>\n\n","protected":false},"excerpt":{"rendered":"","protected":false},"author":1,"featured_media":0,"parent":0,"menu_order":0,"comment_status":"closed","ping_status":"closed","template":"","meta":{"_exactmetrics_skip_tracking":false,"_exactmetrics_sitenote_active":false,"_exactmetrics_sitenote_note":"","_exactmetrics_sitenote_category":0,"footnotes":""},"class_list":["post-605","page","type-page","status-publish","hentry"],"yoast_head":"<!-- This site is optimized with the Yoast SEO plugin v27.2 - https:\/\/yoast.com\/product\/yoast-seo-wordpress\/ -->\n<title>Soumission Abstract au congr\u00e8s - Abstracts des congr\u00e8s de l&#039;ANGH<\/title>\n<meta name=\"description\" content=\"ANGH R\u00e9sum\u00e9s congr\u00e8s H\u00e9patologie Gastroent\u00e9romogie Hepatology Gastroenterology Etudes cliniques Clinical study\" \/>\n<meta name=\"robots\" content=\"index, follow, max-snippet:-1, max-image-preview:large, max-video-preview:-1\" \/>\n<link rel=\"canonical\" href=\"https:\/\/angh.net\/abstracts\/soumission-abstract-au-congres\/\" \/>\n<meta property=\"og:locale\" content=\"fr_FR\" \/>\n<meta property=\"og:type\" content=\"article\" \/>\n<meta property=\"og:title\" content=\"Soumission Abstract au congr\u00e8s - Abstracts des congr\u00e8s de l&#039;ANGH\" \/>\n<meta property=\"og:description\" content=\"ANGH R\u00e9sum\u00e9s congr\u00e8s H\u00e9patologie Gastroent\u00e9romogie Hepatology Gastroenterology Etudes cliniques Clinical study\" \/>\n<meta property=\"og:url\" content=\"https:\/\/angh.net\/abstracts\/soumission-abstract-au-congres\/\" \/>\n<meta property=\"og:site_name\" content=\"Abstracts des congr\u00e8s de l&#039;ANGH\" \/>\n<meta property=\"article:publisher\" content=\"https:\/\/www.facebook.com\/ANGH-2136322560030484\/\" \/>\n<meta property=\"article:modified_time\" content=\"2024-03-20T14:21:00+00:00\" \/>\n<meta name=\"twitter:card\" content=\"summary_large_image\" \/>\n<meta name=\"twitter:label1\" content=\"Dur\u00e9e de lecture estim\u00e9e\" \/>\n\t<meta name=\"twitter:data1\" content=\"1 minute\" \/>\n<script type=\"application\/ld+json\" class=\"yoast-schema-graph\">{\"@context\":\"https:\/\/schema.org\",\"@graph\":[{\"@type\":\"WebPage\",\"@id\":\"https:\/\/angh.net\/abstracts\/soumission-abstract-au-congres\/\",\"url\":\"https:\/\/angh.net\/abstracts\/soumission-abstract-au-congres\/\",\"name\":\"Soumission Abstract au congr\u00e8s - Abstracts des congr\u00e8s de l&#039;ANGH\",\"isPartOf\":{\"@id\":\"https:\/\/angh.net\/abstracts\/#website\"},\"datePublished\":\"2018-10-10T08:19:17+00:00\",\"dateModified\":\"2024-03-20T14:21:00+00:00\",\"description\":\"ANGH R\u00e9sum\u00e9s congr\u00e8s H\u00e9patologie Gastroent\u00e9romogie Hepatology Gastroenterology Etudes cliniques Clinical study\",\"breadcrumb\":{\"@id\":\"https:\/\/angh.net\/abstracts\/soumission-abstract-au-congres\/#breadcrumb\"},\"inLanguage\":\"fr-FR\",\"potentialAction\":[{\"@type\":\"ReadAction\",\"target\":[\"https:\/\/angh.net\/abstracts\/soumission-abstract-au-congres\/\"]}]},{\"@type\":\"BreadcrumbList\",\"@id\":\"https:\/\/angh.net\/abstracts\/soumission-abstract-au-congres\/#breadcrumb\",\"itemListElement\":[{\"@type\":\"ListItem\",\"position\":1,\"name\":\"Accueil\",\"item\":\"https:\/\/angh.net\/abstracts\/\"},{\"@type\":\"ListItem\",\"position\":2,\"name\":\"Soumission Abstract au congr\u00e8s\"}]},{\"@type\":\"WebSite\",\"@id\":\"https:\/\/angh.net\/abstracts\/#website\",\"url\":\"https:\/\/angh.net\/abstracts\/\",\"name\":\"Abstracts des congr\u00e8s de l&#039;ANGH\",\"description\":\"Base de donn\u00e9es des abstracts du congr\u00e8s depuis 2003\",\"publisher\":{\"@id\":\"https:\/\/angh.net\/abstracts\/#organization\"},\"potentialAction\":[{\"@type\":\"SearchAction\",\"target\":{\"@type\":\"EntryPoint\",\"urlTemplate\":\"https:\/\/angh.net\/abstracts\/?s={search_term_string}\"},\"query-input\":{\"@type\":\"PropertyValueSpecification\",\"valueRequired\":true,\"valueName\":\"search_term_string\"}}],\"inLanguage\":\"fr-FR\"},{\"@type\":\"Organization\",\"@id\":\"https:\/\/angh.net\/abstracts\/#organization\",\"name\":\"ANGH\",\"url\":\"https:\/\/angh.net\/abstracts\/\",\"logo\":{\"@type\":\"ImageObject\",\"inLanguage\":\"fr-FR\",\"@id\":\"https:\/\/angh.net\/abstracts\/#\/schema\/logo\/image\/\",\"url\":\"https:\/\/angh.net\/abstracts\/wp-content\/uploads\/sites\/2\/2018\/10\/logo_angh_2018_-48px.jpg\",\"contentUrl\":\"https:\/\/angh.net\/abstracts\/wp-content\/uploads\/sites\/2\/2018\/10\/logo_angh_2018_-48px.jpg\",\"width\":48,\"height\":18,\"caption\":\"ANGH\"},\"image\":{\"@id\":\"https:\/\/angh.net\/abstracts\/#\/schema\/logo\/image\/\"},\"sameAs\":[\"https:\/\/www.facebook.com\/ANGH-2136322560030484\/\"]}]}<\/script>\n<!-- \/ Yoast SEO plugin. -->","yoast_head_json":{"title":"Soumission Abstract au congr\u00e8s - Abstracts des congr\u00e8s de l&#039;ANGH","description":"ANGH R\u00e9sum\u00e9s congr\u00e8s H\u00e9patologie Gastroent\u00e9romogie Hepatology Gastroenterology Etudes cliniques Clinical study","robots":{"index":"index","follow":"follow","max-snippet":"max-snippet:-1","max-image-preview":"max-image-preview:large","max-video-preview":"max-video-preview:-1"},"canonical":"https:\/\/angh.net\/abstracts\/soumission-abstract-au-congres\/","og_locale":"fr_FR","og_type":"article","og_title":"Soumission Abstract au congr\u00e8s - Abstracts des congr\u00e8s de l&#039;ANGH","og_description":"ANGH R\u00e9sum\u00e9s congr\u00e8s H\u00e9patologie Gastroent\u00e9romogie Hepatology Gastroenterology Etudes cliniques Clinical study","og_url":"https:\/\/angh.net\/abstracts\/soumission-abstract-au-congres\/","og_site_name":"Abstracts des congr\u00e8s de l&#039;ANGH","article_publisher":"https:\/\/www.facebook.com\/ANGH-2136322560030484\/","article_modified_time":"2024-03-20T14:21:00+00:00","twitter_card":"summary_large_image","twitter_misc":{"Dur\u00e9e de lecture estim\u00e9e":"1 minute"},"schema":{"@context":"https:\/\/schema.org","@graph":[{"@type":"WebPage","@id":"https:\/\/angh.net\/abstracts\/soumission-abstract-au-congres\/","url":"https:\/\/angh.net\/abstracts\/soumission-abstract-au-congres\/","name":"Soumission Abstract au congr\u00e8s - Abstracts des congr\u00e8s de l&#039;ANGH","isPartOf":{"@id":"https:\/\/angh.net\/abstracts\/#website"},"datePublished":"2018-10-10T08:19:17+00:00","dateModified":"2024-03-20T14:21:00+00:00","description":"ANGH R\u00e9sum\u00e9s congr\u00e8s H\u00e9patologie Gastroent\u00e9romogie Hepatology Gastroenterology Etudes cliniques Clinical study","breadcrumb":{"@id":"https:\/\/angh.net\/abstracts\/soumission-abstract-au-congres\/#breadcrumb"},"inLanguage":"fr-FR","potentialAction":[{"@type":"ReadAction","target":["https:\/\/angh.net\/abstracts\/soumission-abstract-au-congres\/"]}]},{"@type":"BreadcrumbList","@id":"https:\/\/angh.net\/abstracts\/soumission-abstract-au-congres\/#breadcrumb","itemListElement":[{"@type":"ListItem","position":1,"name":"Accueil","item":"https:\/\/angh.net\/abstracts\/"},{"@type":"ListItem","position":2,"name":"Soumission Abstract au congr\u00e8s"}]},{"@type":"WebSite","@id":"https:\/\/angh.net\/abstracts\/#website","url":"https:\/\/angh.net\/abstracts\/","name":"Abstracts des congr\u00e8s de l&#039;ANGH","description":"Base de donn\u00e9es des abstracts du congr\u00e8s depuis 2003","publisher":{"@id":"https:\/\/angh.net\/abstracts\/#organization"},"potentialAction":[{"@type":"SearchAction","target":{"@type":"EntryPoint","urlTemplate":"https:\/\/angh.net\/abstracts\/?s={search_term_string}"},"query-input":{"@type":"PropertyValueSpecification","valueRequired":true,"valueName":"search_term_string"}}],"inLanguage":"fr-FR"},{"@type":"Organization","@id":"https:\/\/angh.net\/abstracts\/#organization","name":"ANGH","url":"https:\/\/angh.net\/abstracts\/","logo":{"@type":"ImageObject","inLanguage":"fr-FR","@id":"https:\/\/angh.net\/abstracts\/#\/schema\/logo\/image\/","url":"https:\/\/angh.net\/abstracts\/wp-content\/uploads\/sites\/2\/2018\/10\/logo_angh_2018_-48px.jpg","contentUrl":"https:\/\/angh.net\/abstracts\/wp-content\/uploads\/sites\/2\/2018\/10\/logo_angh_2018_-48px.jpg","width":48,"height":18,"caption":"ANGH"},"image":{"@id":"https:\/\/angh.net\/abstracts\/#\/schema\/logo\/image\/"},"sameAs":["https:\/\/www.facebook.com\/ANGH-2136322560030484\/"]}]}},"_links":{"self":[{"href":"https:\/\/angh.net\/abstracts\/wp-json\/wp\/v2\/pages\/605","targetHints":{"allow":["GET"]}}],"collection":[{"href":"https:\/\/angh.net\/abstracts\/wp-json\/wp\/v2\/pages"}],"about":[{"href":"https:\/\/angh.net\/abstracts\/wp-json\/wp\/v2\/types\/page"}],"author":[{"embeddable":true,"href":"https:\/\/angh.net\/abstracts\/wp-json\/wp\/v2\/users\/1"}],"replies":[{"embeddable":true,"href":"https:\/\/angh.net\/abstracts\/wp-json\/wp\/v2\/comments?post=605"}],"version-history":[{"count":10,"href":"https:\/\/angh.net\/abstracts\/wp-json\/wp\/v2\/pages\/605\/revisions"}],"predecessor-version":[{"id":2556,"href":"https:\/\/angh.net\/abstracts\/wp-json\/wp\/v2\/pages\/605\/revisions\/2556"}],"wp:attachment":[{"href":"https:\/\/angh.net\/abstracts\/wp-json\/wp\/v2\/media?parent=605"}],"curies":[{"name":"wp","href":"https:\/\/api.w.org\/{rel}","templated":true}]}}