{"id":110,"date":"2018-10-08T13:57:33","date_gmt":"2018-10-08T11:57:33","guid":{"rendered":"https:\/\/angh.net\/adherents\/?page_id=110"},"modified":"2023-12-11T21:38:53","modified_gmt":"2023-12-11T20:38:53","slug":"inscription-a-langh","status":"publish","type":"page","link":"https:\/\/angh.net\/adherents\/inscription-a-langh\/","title":{"rendered":"Inscription \u00e0 l&rsquo;ANGH"},"content":{"rendered":"<!doctype html>\n<html>\n<head>\n<meta charset=\"UTF-8\">\n<title>Inscription ANGH WP<\/title>\n\n<\/head>\n\n<body>\n<p><\/p>\n<form  action=\" \" method=\"post\" name=\"form1\" id=\"form1\">\n                                      <table align=\"center\">\n                                        <tr valign=\"baseline\">\n                                          <td align=\"right\">Date inscription:<\/td>\n                                          <td><input type=\"text\" name=\"date_crea\" value=\"18\/04\/2026 \" size=\"10\" \/><\/td>\n                                        <\/tr>\n                                        <tr valign=\"baseline\">\n                                          <td align=\"right\" nowrap=\"nowrap\">Civilite:<\/td>\n                                          <td><span id=\"spryselect4\">\n                                            <select name=\"civilite\">\n                                              <option value=\"\" ><\/option>\n                                              <option value=\"Madame\" >Madame<\/option>\n                                              <option value=\"Monsieur\" >Monsieur<\/option>\n                                            <\/select>\n                                          <span class=\"selectRequiredMsg\">S\u00e9lectionnez un \u00e9l\u00e9ment.<\/span><\/span><\/td>\n                                        <\/tr>\n                                        <tr valign=\"baseline\">\n                                          <td align=\"right\" nowrap=\"nowrap\"  >Nom:<\/td>\n                                          <td><span id=\"sprytextfield1\">\n                                            <input type=\"text\" name=\"nom\" value=\"\" size=\"32\" \/>\n                                          <span class=\"textfieldRequiredMsg\">Une valeur est requise.<\/span><\/span><\/td>\n                                        <\/tr>\n                                        <tr valign=\"baseline\">\n                                          <td align=\"right\" nowrap=\"nowrap\" >Prenom:<\/td>\n                                          <td><span id=\"sprytextfield2\">\n                                            <input type=\"text\" name=\"prenom\" value=\"\" size=\"32\" \/>\n                                          <span class=\"textfieldRequiredMsg\">Une valeur est requise.<\/span><\/span><\/td>\n                                        <\/tr>\n                                        <tr valign=\"baseline\">\n                                          <td align=\"right\" nowrap=\"nowrap\" >Hopital:<\/td>\n                                          <td><span id=\"sprytextfield3\">\n                                            <input type=\"text\" name=\"hopital\" value=\"\" size=\"32\" \/>\n                                          <span class=\"textfieldRequiredMsg\">Une valeur est requise.<\/span><\/span><\/td>\n                                        <\/tr>\n                                        <tr valign=\"baseline\">\n                                          <td align=\"right\" nowrap=\"nowrap\" >Fonction:<\/td>\n                                          <td><span id=\"spryselect1\">\n                                            <select name=\"fonction\">\n                                              <option value=\"\" SELECTED>           <\/option>\n                                              <option value=\"Chef de Service temps plein\" >Chef de Service temps plein<\/option>\n                                              <option value=\"Praticien Hospitalier Temps Plein\" >Praticien Hopitalier Temps Plein<\/option>\n                                              <option value=\"Praticien Hospitalier Temps Partiel\" >Praticien Hospitalier Temps Partiel<\/option>\n                                              <option value=\"Assistant Sp&eacutecialiste\" >Assistant Sp\u00e9cialiste<\/option>\n                                              <option value=\"DES\" >DES<\/option>\n                                              <option value=\"Invit\" e>Invit\u00e9<\/option>\n                                              <option value=\"Conferencier\" >Conf\u00e9rencier<\/option>\n                                            <\/select>\n                                          <span class=\"selectRequiredMsg\">S\u00e9lectionnez un \u00e9l\u00e9ment.<\/span><\/span><\/td>\n                                        <\/tr>\n                                        <tr valign=\"baseline\">\n                                          <td align=\"right\" nowrap=\"nowrap\" >Adresse:<\/td>\n                                          <td><span id=\"sprytextfield4\">\n                                            <input type=\"text\" name=\"adresse\" value=\"\" size=\"32\" \/>\n                                          <span class=\"textfieldRequiredMsg\">Une valeur est requise.<\/span><\/span><\/td>\n                                        <\/tr>\n                                        <tr valign=\"baseline\">\n                                          <td align=\"right\" nowrap=\"nowrap\" >Adresse2:<\/td>\n                                          <td><input type=\"text\" name=\"adresse2\" value=\"\" size=\"32\" \/><\/td>\n                                        <\/tr>\n                                        <tr valign=\"baseline\">\n                                          <td align=\"right\" nowrap=\"nowrap\" >Code postal:<\/td>\n                                          <td><span id=\"sprytextfield5\">\n                                            <input type=\"text\" name=\"code_postal\" value=\"\" size=\"10\" \/>\n                                          <span class=\"textfieldRequiredMsg\">Une valeur est requise.<\/span><\/span><\/td>\n                                        <\/tr>\n                                        <tr valign=\"baseline\">\n                                          <td align=\"right\" nowrap=\"nowrap\" >Ville:<\/td>\n                                          <td><span id=\"sprytextfield6\">\n                                            <input type=\"text\" name=\"ville\" value=\"\" size=\"32\" \/>\n                                          <span class=\"textfieldRequiredMsg\">Une valeur est requise.<\/span><\/span><\/td>\n                                        <\/tr>\n                                        <tr valign=\"baseline\">\n                                          <td align=\"right\" nowrap=\"nowrap\" >Pays:<\/td>\n                                          <td><span id=\"spryselect2\">\n                                            <select name=\"pays\">\n                                            <option value=\"\" >        <\/option>\n                                              <option value=\"France\" >France<\/option>\n                                              <option value=\"Belgique\" >Belgique<\/option>\n                                              <option value=\"Portugal\" >Portugal<\/option>\n                                            <\/select>\n                                          <span class=\"selectRequiredMsg\">S\u00e9lectionnez un \u00e9l\u00e9ment.<\/span><\/span><\/td>\n                                        <\/tr>\n                                        <tr valign=\"baseline\">\n                                          <td align=\"right\" nowrap=\"nowrap\" >Telephone:<\/td>\n                                          <td><span id=\"sprytextfield7\">\n                                            <input type=\"text\" name=\"telephone\" value=\"\" size=\"32\" \/>\n                                          <span class=\"textfieldRequiredMsg\">Une valeur est requise.<\/span><\/span><\/td>\n                                        <\/tr>\n                                        <tr valign=\"baseline\">\n                                          <td align=\"right\" nowrap=\"nowrap\" >Fax:<\/td>\n                                          <td><input type=\"text\" name=\"fax\" value=\"\" size=\"32\" \/><\/td>\n                                        <\/tr>\n                                        <tr valign=\"baseline\">\n                                          <td align=\"right\" nowrap=\"nowrap\" >Email:<\/td>\n                                          <td><span id=\"sprytextfield8\">\n                                          <input type=\"text\" name=\"email\" value=\"\" size=\"32\" \/>\n                                          <span class=\"textfieldRequiredMsg\">Une valeur est requise.<\/span><span class=\"textfieldInvalidFormatMsg\">Format non valide.<\/span><\/span><\/td>\n                                        <\/tr>\n                                        <tr valign=\"baseline\">\n                                          <td align=\"right\" valign=\"top\" nowrap=\"nowrap\" >Commentaires:<\/td>\n                                          <td><textarea name=\"commentaires\" cols=\"50\" rows=\"5\"><\/textarea><\/td>\n                                        <\/tr>\n                                        <tr valign=\"baseline\">\n                                          <td align=\"right\">&nbsp;<\/td>\n                                          <td>\n                                          <p><div class=\"g-recaptcha\" data-sitekey=\"6LeBqUgUAAAAADtqJZbiuUwBHTXtTP-mG2FgsofH\"><\/div>&nbsp;<\/p>\n                                          <input type=\"hidden\" name=\"MM_insert\" value=\"form1\" \/><input type=\"submit\" value=\"Valider\"\/><\/td>\n                                        \n                                      <\/table>\n                                      \n                                      \n<\/form>\n<script type=\"text\/javascript\">\nvar sprytextfield1 = new Spry.Widget.ValidationTextField(\"sprytextfield1\", \"none\");\nvar sprytextfield2 = new Spry.Widget.ValidationTextField(\"sprytextfield2\", \"none\");\nvar sprytextfield3 = new Spry.Widget.ValidationTextField(\"sprytextfield3\");\nvar spryselect1 = new Spry.Widget.ValidationSelect(\"spryselect1\");\nvar sprytextfield4 = new Spry.Widget.ValidationTextField(\"sprytextfield4\");\nvar sprytextfield5 = new Spry.Widget.ValidationTextField(\"sprytextfield5\");\nvar sprytextfield6 = new Spry.Widget.ValidationTextField(\"sprytextfield6\");\nvar spryselect2 = new Spry.Widget.ValidationSelect(\"spryselect2\");\nvar sprytextfield7 = new Spry.Widget.ValidationTextField(\"sprytextfield7\");\nvar sprytextfield8 = new Spry.Widget.ValidationTextField(\"sprytextfield8\", \"email\");\nvar spryselect4 = new Spry.Widget.ValidationSelect(\"spryselect4\");\n<\/script>\n<p>&nbsp;<\/p>\n\n<\/body>\n<\/html>\n","protected":false},"excerpt":{"rendered":"","protected":false},"author":1,"featured_media":0,"parent":0,"menu_order":95,"comment_status":"closed","ping_status":"closed","template":"","meta":{"_acf_changed":false,"footnotes":""},"class_list":["post-110","page","type-page","status-publish","hentry"],"acf":[],"_links":{"self":[{"href":"https:\/\/angh.net\/adherents\/wp-json\/wp\/v2\/pages\/110","targetHints":{"allow":["GET"]}}],"collection":[{"href":"https:\/\/angh.net\/adherents\/wp-json\/wp\/v2\/pages"}],"about":[{"href":"https:\/\/angh.net\/adherents\/wp-json\/wp\/v2\/types\/page"}],"author":[{"embeddable":true,"href":"https:\/\/angh.net\/adherents\/wp-json\/wp\/v2\/users\/1"}],"replies":[{"embeddable":true,"href":"https:\/\/angh.net\/adherents\/wp-json\/wp\/v2\/comments?post=110"}],"version-history":[{"count":18,"href":"https:\/\/angh.net\/adherents\/wp-json\/wp\/v2\/pages\/110\/revisions"}],"predecessor-version":[{"id":2148,"href":"https:\/\/angh.net\/adherents\/wp-json\/wp\/v2\/pages\/110\/revisions\/2148"}],"wp:attachment":[{"href":"https:\/\/angh.net\/adherents\/wp-json\/wp\/v2\/media?parent=110"}],"curies":[{"name":"wp","href":"https:\/\/api.w.org\/{rel}","templated":true}]}}