{"id":18,"date":"2018-03-04T00:19:01","date_gmt":"2018-03-03T23:19:01","guid":{"rendered":"https:\/\/angh.net\/adherents\/?page_id=18"},"modified":"2024-01-07T10:28:19","modified_gmt":"2024-01-07T09:28:19","slug":"accueil","status":"publish","type":"page","link":"https:\/\/angh.net\/adherents\/","title":{"rendered":"Accueil"},"content":{"rendered":"\n<p><span style=\"color: #333399;\"><strong>Bienvenue dans l&rsquo;espace adh\u00e9rents de l&rsquo;ANGH<\/strong><\/span><\/p>\n\n\n<!doctype html>\n<html>\n<head>\n<meta charset=\"UTF-8\">\n<title>Accueil sans log<\/title>\n<link href=\"..\/images\/styles.css\" rel=\"stylesheet\" type=\"text\/css\">\n<\/head>\n<body>\n<p>Pour consulter cette partie vous devez \u00eatre\u00a0<strong>adh\u00e9rent \u00e0 l'ANGH en r\u00e8gle de vos cotisations <\/strong><\/p>\n<p><strong>et  inscrit \u00e0 l'espace<\/strong><strong> ANGH adh\u00e9rent par le secr\u00e9tariat de l'ANGH.<\/strong><br>\n<\/p>\n<ul>\n  <li>Vous \u00eates adh\u00e9rent valid\u00e9 <strong>et<\/strong> inscrit \u00e0 l'espace adh\u00e9rent ANGH login-&gt; \u00a0Cliquez <a href=\"https:\/\/angh.net\/adherents\/acces-adherent\/\">ici<\/a><br>\n    <br>\n    <ul>\n      <li>\n      <form action=\"https:\/\/angh.net\/adherents\/recuperation-mot-de-passe\/\" method=\"post\" name=\"form1\" id=\"form1\">\n      <input  name=\"safe\" type=\"hidden\" value=\"1\">\n      <input type=\"submit\" value=\"Mot de passe oubli&eacute;\" \/>\n      <\/form>\n      <\/li\n        <br>\n      <\/li>\n    <\/ul>\n  <\/li>\n  <br>\n  <br>\n  <li>Vous n'\u00eates pas adh\u00e9rent -&gt; inscription \u00e0 ANGH -&gt; Cliquez <a href=\"https:\/\/angh.net\/adherents\/inscription-a-langh\/\"> ici<br>\n    <br>\n<br>\n    <\/a><br>\n  <\/li>\n<\/ul>\n<p>\u00a0<\/p>\n\n<\/body>\n<\/html>\n","protected":false},"excerpt":{"rendered":"<p>Bienvenue dans l&rsquo;espace adh\u00e9rents de l&rsquo;ANGH<\/p>\n","protected":false},"author":1,"featured_media":0,"parent":0,"menu_order":86,"comment_status":"closed","ping_status":"closed","template":"","meta":{"_acf_changed":false,"footnotes":""},"class_list":["post-18","page","type-page","status-publish","hentry"],"acf":[],"_links":{"self":[{"href":"https:\/\/angh.net\/adherents\/wp-json\/wp\/v2\/pages\/18","targetHints":{"allow":["GET"]}}],"collection":[{"href":"https:\/\/angh.net\/adherents\/wp-json\/wp\/v2\/pages"}],"about":[{"href":"https:\/\/angh.net\/adherents\/wp-json\/wp\/v2\/types\/page"}],"author":[{"embeddable":true,"href":"https:\/\/angh.net\/adherents\/wp-json\/wp\/v2\/users\/1"}],"replies":[{"embeddable":true,"href":"https:\/\/angh.net\/adherents\/wp-json\/wp\/v2\/comments?post=18"}],"version-history":[{"count":19,"href":"https:\/\/angh.net\/adherents\/wp-json\/wp\/v2\/pages\/18\/revisions"}],"predecessor-version":[{"id":2183,"href":"https:\/\/angh.net\/adherents\/wp-json\/wp\/v2\/pages\/18\/revisions\/2183"}],"wp:attachment":[{"href":"https:\/\/angh.net\/adherents\/wp-json\/wp\/v2\/media?parent=18"}],"curies":[{"name":"wp","href":"https:\/\/api.w.org\/{rel}","templated":true}]}}