{"id":2,"date":"2018-09-18T16:15:03","date_gmt":"2018-09-18T14:15:03","guid":{"rendered":"https:\/\/angh.net\/congres\/?page_id=2"},"modified":"2025-06-12T09:34:09","modified_gmt":"2025-06-12T07:34:09","slug":"editorial","status":"publish","type":"page","link":"https:\/\/angh.net\/congres\/editorial\/","title":{"rendered":"Editorial"},"content":{"rendered":"\n<figure class=\"wp-block-image size-large is-resized\"><img loading=\"lazy\" decoding=\"async\" width=\"676\" height=\"692\" src=\"https:\/\/angh.net\/congres\/wp-content\/uploads\/sites\/4\/2023\/06\/Capture-decran-2023-06-08-a-01.18.17.png\" alt=\"\" class=\"wp-image-619\" style=\"width:179px;height:183px\" srcset=\"https:\/\/angh.net\/congres\/wp-content\/uploads\/sites\/4\/2023\/06\/Capture-decran-2023-06-08-a-01.18.17.png 676w, https:\/\/angh.net\/congres\/wp-content\/uploads\/sites\/4\/2023\/06\/Capture-decran-2023-06-08-a-01.18.17-293x300.png 293w\" sizes=\"auto, (max-width: 676px) 85vw, 676px\" \/><\/figure>\n\n\n\n<p><\/p>\n\n\n\n<p class=\"has-bright-blue-color has-text-color has-medium-font-size\"><strong>Bienvenue \u00e0 Perpignan !<\/strong><\/p>\n\n\n\n<p>Cher.es ami.es et coll\u00e8gues,<\/p>\n\n\n\n<p>Cette ann\u00e9e, l\u2019ANGH fait son congr\u00e8s \u00e0 Perpignan, ma ville de c\u0153ur depuis 27 ans et o\u00f9 l\u2019ANGH f\u00eatera ses 40 ans. Que de chemin parcouru par notre association depuis 1985\u00a0! Quarante ann\u00e9es c\u2019est 4 papes, 5 pr\u00e9sidents de la R\u00e9publique fran\u00e7aise et\u2026 29 ministres de la sant\u00e9 ! En 1985, l\u2019\u00e9pave du Titanic \u00e9tait retrouv\u00e9e,\u00a0 Coluche lan\u00e7ait les Restos du c\u0153ur et Georgina Dufoix, ministre de la Sant\u00e9 allait devenir c\u00e9l\u00e8bre avec sa formule \u00ab\u00a0responsable mais pas coupable\u00a0\u00bb ! Si je dois situer le contexte, c\u2019est parce que, et c\u2019est ma grande fiert\u00e9 en tant que pr\u00e9sident de l\u2019ANGH, un tiers des femmes et des hommes qui composent le Conseil d\u2019Administration et le Conseil Scientifique de l\u2019ANGH n\u2019a pas encore 40 ans\u00a0! Le renouvellement de nos instances dirigeantes est ainsi assur\u00e9 \u00e0 moyen et \u00e0 long terme\u00a0!<\/p>\n\n\n\n<p>Le congr\u00e8s de l\u2019ANGH revient \u00e0 Perpignan pour la 2<sup>\u00e8me<\/sup>\u00a0fois apr\u00e8s un congr\u00e8s en 2009 tr\u00e8s r\u00e9ussi (comme tous les congr\u00e8s de l\u2019ANGH en fait\u00a0!). Vous arriverez \u00e0 Perpignan soit par l\u2019avion via l\u2019a\u00e9roport (international) Sud de France, soit via la gare TGV o\u00f9 il ne faudra pas oublier de traverser l\u2019autre gare ferroviaire et son plafond proclam\u00e9 \u00ab\u00a0centre du monde\u00a0\u00bb par Salvador Dali en 1963 (m\u00eame si les peintures de l\u2019\u00e9poque ont \u00e9t\u00e9 remplac\u00e9es depuis). Comme en 2009, vous serez log\u00e9s \u00e0 proximit\u00e9 imm\u00e9diate du Palais des Congr\u00e8s et de fa\u00e7on identique, la soir\u00e9e de Gala du vendredi soir se d\u00e9roulera en bord de mer sur la C\u00f4te Vermeille.<\/p>\n\n\n\n<p>En r\u00e9sum\u00e9, pourquoi venir \u00e0 Perpignan pour le 33<sup>\u00e8me<\/sup>&nbsp;congr\u00e8s de l\u2019ANGH&nbsp;? pour le programme de tr\u00e8s grande qualit\u00e9 \u00e9labor\u00e9 par le Conseil Scientifique&nbsp;? Pour les 4 conf\u00e9rences qui seront exceptionnelles&nbsp;? Pour les \u00e9changes informels entre nous, tous coll\u00e8gues exer\u00e7ant en CHG&nbsp;? Pour le soleil et la tramontane&nbsp;? Pour la richesse culturelle de la ville et de la r\u00e9gion, avec notamment la 25<sup>\u00e8me<\/sup>&nbsp;\u00e9dition de Visa pour l\u2019Image, festival international de photojournalisme et le Mus\u00e9e d\u2019Art Moderne de C\u00e9ret qui f\u00eate ses 75 ans avec une exposition anniversaire Miro Picasso Chagall&nbsp;? Pour toutes ces raisons, nous vous donnons rendez-vous les 12 et 13 septembre 2025 \u00e0 Perpignan&nbsp;!<\/p>\n\n\n\n<p>ANGHment v\u00f4tre&nbsp;!<\/p>\n\n\n\n<p>Dr Andr\u00e9-Jean REMY (Perpignan), pr\u00e9sident de l\u2019ANGH<\/p>\n","protected":false},"excerpt":{"rendered":"<p>Bienvenue \u00e0 Perpignan ! Cher.es ami.es et coll\u00e8gues, Cette ann\u00e9e, l\u2019ANGH fait son congr\u00e8s \u00e0 Perpignan, ma ville de c\u0153ur depuis 27 ans et o\u00f9 l\u2019ANGH f\u00eatera ses 40 ans. Que de chemin parcouru par notre association depuis 1985\u00a0! Quarante ann\u00e9es c\u2019est 4 papes, 5 pr\u00e9sidents de la R\u00e9publique fran\u00e7aise et\u2026 29 ministres de la &hellip; <a href=\"https:\/\/angh.net\/congres\/editorial\/\" class=\"more-link\">Continuer la lecture<span class=\"screen-reader-text\"> de &laquo;&nbsp;Editorial&nbsp;&raquo;<\/span><\/a><\/p>\n","protected":false},"author":1,"featured_media":0,"parent":0,"menu_order":5,"comment_status":"closed","ping_status":"open","template":"","meta":{"footnotes":""},"class_list":["post-2","page","type-page","status-publish","hentry"],"_links":{"self":[{"href":"https:\/\/angh.net\/congres\/wp-json\/wp\/v2\/pages\/2","targetHints":{"allow":["GET"]}}],"collection":[{"href":"https:\/\/angh.net\/congres\/wp-json\/wp\/v2\/pages"}],"about":[{"href":"https:\/\/angh.net\/congres\/wp-json\/wp\/v2\/types\/page"}],"author":[{"embeddable":true,"href":"https:\/\/angh.net\/congres\/wp-json\/wp\/v2\/users\/1"}],"replies":[{"embeddable":true,"href":"https:\/\/angh.net\/congres\/wp-json\/wp\/v2\/comments?post=2"}],"version-history":[{"count":14,"href":"https:\/\/angh.net\/congres\/wp-json\/wp\/v2\/pages\/2\/revisions"}],"predecessor-version":[{"id":777,"href":"https:\/\/angh.net\/congres\/wp-json\/wp\/v2\/pages\/2\/revisions\/777"}],"wp:attachment":[{"href":"https:\/\/angh.net\/congres\/wp-json\/wp\/v2\/media?parent=2"}],"curies":[{"name":"wp","href":"https:\/\/api.w.org\/{rel}","templated":true}]}}