{"id":21,"date":"2018-09-18T16:33:37","date_gmt":"2018-09-18T14:33:37","guid":{"rendered":"https:\/\/angh.net\/congres\/?page_id=21"},"modified":"2025-08-02T12:27:52","modified_gmt":"2025-08-02T10:27:52","slug":"partenaires","status":"publish","type":"page","link":"https:\/\/angh.net\/congres\/partenaires\/","title":{"rendered":"Partenaires"},"content":{"rendered":"\n<p>Voici la liste des partenaires qui soutiennent l&rsquo;ANGH et la tenue de notre 33\u00e8me Congr\u00e8s \u00e0 Perpignan.<\/p>\n\n\n\n<p>Ils seront pr\u00e9sents lors de notre Congr\u00e8s.<\/p>\n\n\n\n<p><strong>N&rsquo;oubliez pas de visiter leurs stands lors de votre visite !<\/strong><\/p>\n\n\n\n<figure class=\"wp-block-image size-large\"><img loading=\"lazy\" decoding=\"async\" width=\"680\" height=\"1024\" src=\"https:\/\/angh.net\/congres\/wp-content\/uploads\/sites\/4\/2025\/08\/Capture-decran-2025-08-02-a-12.25.28-680x1024.png\" alt=\"\" class=\"wp-image-799\" srcset=\"https:\/\/angh.net\/congres\/wp-content\/uploads\/sites\/4\/2025\/08\/Capture-decran-2025-08-02-a-12.25.28-680x1024.png 680w, https:\/\/angh.net\/congres\/wp-content\/uploads\/sites\/4\/2025\/08\/Capture-decran-2025-08-02-a-12.25.28-199x300.png 199w, https:\/\/angh.net\/congres\/wp-content\/uploads\/sites\/4\/2025\/08\/Capture-decran-2025-08-02-a-12.25.28-768x1156.png 768w, https:\/\/angh.net\/congres\/wp-content\/uploads\/sites\/4\/2025\/08\/Capture-decran-2025-08-02-a-12.25.28-1020x1536.png 1020w, https:\/\/angh.net\/congres\/wp-content\/uploads\/sites\/4\/2025\/08\/Capture-decran-2025-08-02-a-12.25.28-1360x2048.png 1360w, https:\/\/angh.net\/congres\/wp-content\/uploads\/sites\/4\/2025\/08\/Capture-decran-2025-08-02-a-12.25.28-1200x1807.png 1200w, https:\/\/angh.net\/congres\/wp-content\/uploads\/sites\/4\/2025\/08\/Capture-decran-2025-08-02-a-12.25.28.png 1476w\" sizes=\"auto, (max-width: 680px) 85vw, 680px\" \/><\/figure>\n\n\n\n<p>&nbsp;<\/p>\n","protected":false},"excerpt":{"rendered":"<p>Voici la liste des partenaires qui soutiennent l&rsquo;ANGH et la tenue de notre 33\u00e8me Congr\u00e8s \u00e0 Perpignan. Ils seront pr\u00e9sents lors de notre Congr\u00e8s. N&rsquo;oubliez pas de visiter leurs stands lors de votre visite ! &nbsp;<\/p>\n","protected":false},"author":1,"featured_media":0,"parent":0,"menu_order":8,"comment_status":"closed","ping_status":"closed","template":"","meta":{"footnotes":""},"class_list":["post-21","page","type-page","status-publish","hentry"],"_links":{"self":[{"href":"https:\/\/angh.net\/congres\/wp-json\/wp\/v2\/pages\/21","targetHints":{"allow":["GET"]}}],"collection":[{"href":"https:\/\/angh.net\/congres\/wp-json\/wp\/v2\/pages"}],"about":[{"href":"https:\/\/angh.net\/congres\/wp-json\/wp\/v2\/types\/page"}],"author":[{"embeddable":true,"href":"https:\/\/angh.net\/congres\/wp-json\/wp\/v2\/users\/1"}],"replies":[{"embeddable":true,"href":"https:\/\/angh.net\/congres\/wp-json\/wp\/v2\/comments?post=21"}],"version-history":[{"count":15,"href":"https:\/\/angh.net\/congres\/wp-json\/wp\/v2\/pages\/21\/revisions"}],"predecessor-version":[{"id":800,"href":"https:\/\/angh.net\/congres\/wp-json\/wp\/v2\/pages\/21\/revisions\/800"}],"wp:attachment":[{"href":"https:\/\/angh.net\/congres\/wp-json\/wp\/v2\/media?parent=21"}],"curies":[{"name":"wp","href":"https:\/\/api.w.org\/{rel}","templated":true}]}}